{"id":893,"date":"2021-11-11T12:21:22","date_gmt":"2021-11-11T11:21:22","guid":{"rendered":"https:\/\/www.rougsoe.com\/?page_id=893"},"modified":"2021-11-15T13:23:55","modified_gmt":"2021-11-15T12:23:55","slug":"vi-tilbyder","status":"publish","type":"page","link":"https:\/\/www.rougsoe.com\/index.php\/vi-tilbyder\/","title":{"rendered":"Vi tilbyder"},"content":{"rendered":"\n<section class=\"wp-block-themeisle-blocks-advanced-columns alignfull has-3-columns has-desktop-equal-layout has-tablet-equal-layout has-mobile-collapsedRows-layout has-nogap-gap has-vertical-flex-start\" id=\"wp-block-themeisle-blocks-advanced-columns-9c0ab0a7\"><div class=\"wp-block-themeisle-blocks-advanced-columns-overlay\"><\/div><div class=\"innerblocks-wrap\">\n<div class=\"wp-block-themeisle-blocks-advanced-column\" id=\"wp-block-themeisle-blocks-advanced-column-0e739903\">\n<figure class=\"wp-block-image size-full\"><img loading=\"lazy\" decoding=\"async\" width=\"500\" height=\"316\" src=\"https:\/\/www.rougsoe.com\/wp-content\/uploads\/2021\/11\/forside4-1.webp\" alt=\"\" class=\"wp-image-909\" srcset=\"https:\/\/www.rougsoe.com\/wp-content\/uploads\/2021\/11\/forside4-1.webp 500w, https:\/\/www.rougsoe.com\/wp-content\/uploads\/2021\/11\/forside4-1-300x190.webp 300w\" sizes=\"auto, (max-width: 500px) 100vw, 500px\" \/><\/figure>\n\n\n\n<h3 class=\"has-text-align-left wp-block-heading\">IT strategi<\/h3>\n\n\n\n<p class=\"has-text-align-left\">Vi r\u00e5dgiver omkring anvendelsen af IT til at styrke virksomheders konkurrenceevne, sikre stabil drift og mindske risikoen for tab af data.<\/p>\n<\/div>\n\n\n\n<div class=\"wp-block-themeisle-blocks-advanced-column\" id=\"wp-block-themeisle-blocks-advanced-column-9bb12f83\">\n<figure class=\"wp-block-image size-full\"><img loading=\"lazy\" decoding=\"async\" width=\"500\" height=\"297\" src=\"https:\/\/www.rougsoe.com\/wp-content\/uploads\/2021\/11\/forside-2.webp\" alt=\"\" class=\"wp-image-906\" srcset=\"https:\/\/www.rougsoe.com\/wp-content\/uploads\/2021\/11\/forside-2.webp 500w, https:\/\/www.rougsoe.com\/wp-content\/uploads\/2021\/11\/forside-2-300x178.webp 300w\" sizes=\"auto, (max-width: 500px) 100vw, 500px\" \/><\/figure>\n\n\n\n<h3 class=\"has-text-align-left wp-block-heading\">Valg af hard- og software<\/h3>\n\n\n\n<p class=\"has-text-align-left\">Vi hj\u00e6lper med at finde de rette komponenter og de rette leverand\u00f8rer.<\/p>\n<\/div>\n\n\n\n<div class=\"wp-block-themeisle-blocks-advanced-column\" id=\"wp-block-themeisle-blocks-advanced-column-05086c5f\">\n<figure class=\"wp-block-image size-full is-resized\"><img loading=\"lazy\" decoding=\"async\" src=\"https:\/\/www.rougsoe.com\/wp-content\/uploads\/2021\/11\/8b2596aa-7423-43ed-8147-7a11c4d232f3.jpg\" alt=\"\" class=\"wp-image-732\" width=\"232\" height=\"173\" srcset=\"https:\/\/www.rougsoe.com\/wp-content\/uploads\/2021\/11\/8b2596aa-7423-43ed-8147-7a11c4d232f3.jpg 600w, https:\/\/www.rougsoe.com\/wp-content\/uploads\/2021\/11\/8b2596aa-7423-43ed-8147-7a11c4d232f3-300x225.jpg 300w\" sizes=\"auto, (max-width: 232px) 100vw, 232px\" \/><\/figure>\n\n\n\n<h3 class=\"has-text-align-left wp-block-heading\">Design af it- infrastruktur<\/h3>\n\n\n\n<p class=\"has-text-align-left\">Vi kan designe og opbygge en IT-infrastruktur til en virksomhed, det indeb\u00e6rer blandt andet design af fysisk netv\u00e6rk, design af serverrum, beskrivelse af relevant elinstallation, design af logisk netv\u00e6rk, design af centraliseret brugerstyring(brugerkonti, grupper, tilladelser osv.)<\/p>\n<\/div>\n<\/div><\/section>\n\n\n\n<section class=\"wp-block-themeisle-blocks-advanced-columns alignfull has-3-columns has-desktop-equal-layout has-tablet-equal-layout has-mobile-collapsedRows-layout has-nogap-gap has-vertical-flex-start\" id=\"wp-block-themeisle-blocks-advanced-columns-c35e1bf3\"><div class=\"wp-block-themeisle-blocks-advanced-columns-overlay\"><\/div><div class=\"innerblocks-wrap\">\n<div class=\"wp-block-themeisle-blocks-advanced-column\" id=\"wp-block-themeisle-blocks-advanced-column-7002fb8f\">\n<figure class=\"wp-block-image size-full\"><img loading=\"lazy\" decoding=\"async\" width=\"500\" height=\"333\" src=\"https:\/\/www.rougsoe.com\/wp-content\/uploads\/2021\/11\/security-protection-anti-virus-software-60504.jpeg\" alt=\"\" class=\"wp-image-714\" srcset=\"https:\/\/www.rougsoe.com\/wp-content\/uploads\/2021\/11\/security-protection-anti-virus-software-60504.jpeg 500w, https:\/\/www.rougsoe.com\/wp-content\/uploads\/2021\/11\/security-protection-anti-virus-software-60504-300x200.jpeg 300w\" sizes=\"auto, (max-width: 500px) 100vw, 500px\" \/><\/figure>\n\n\n\n<h3 class=\"has-text-align-left wp-block-heading\">IT sikkerhed<\/h3>\n\n\n\n<p class=\"has-text-align-left\">Med fokus p\u00e5 begr\u00e6nsning af angrebsvektorer og tyveri\/beskadigelse af data, designer vi nye l\u00f8sninger eller gennemg\u00e5r eksisterende og kommer med anbefalinger til forbedringer. Vi arbejder bl.a. med firewalls, beskyttelse af tr\u00e5dl\u00f8se net og VPN.<\/p>\n\n\n\n<div class=\"wp-block-buttons is-layout-flex wp-block-buttons-is-layout-flex\"><\/div>\n<\/div>\n\n\n\n<div class=\"wp-block-themeisle-blocks-advanced-column\" id=\"wp-block-themeisle-blocks-advanced-column-3e5aec1f\">\n<figure class=\"wp-block-image size-large\"><img loading=\"lazy\" decoding=\"async\" width=\"1024\" height=\"680\" src=\"https:\/\/www.rougsoe.com\/wp-content\/uploads\/2021\/11\/pexels-luis-gomes-546819-1024x680.jpg\" alt=\"\" class=\"wp-image-914\" srcset=\"https:\/\/www.rougsoe.com\/wp-content\/uploads\/2021\/11\/pexels-luis-gomes-546819-1024x680.jpg 1024w, https:\/\/www.rougsoe.com\/wp-content\/uploads\/2021\/11\/pexels-luis-gomes-546819-300x199.jpg 300w, https:\/\/www.rougsoe.com\/wp-content\/uploads\/2021\/11\/pexels-luis-gomes-546819-768x510.jpg 768w, https:\/\/www.rougsoe.com\/wp-content\/uploads\/2021\/11\/pexels-luis-gomes-546819-1536x1020.jpg 1536w, https:\/\/www.rougsoe.com\/wp-content\/uploads\/2021\/11\/pexels-luis-gomes-546819-2048x1360.jpg 2048w\" sizes=\"auto, (max-width: 1024px) 100vw, 1024px\" \/><\/figure>\n\n\n\n<h3 class=\"has-text-align-left wp-block-heading\">Konfiguration af systemer<\/h3>\n\n\n\n<p>Installation, konfiguration og drift af UNIX- og Linuxbaserede systemer<br>Vi er specielt fokuserede p\u00e5 Red Hat Enterprise Linux(samt afledte distributioner), Solaris, Illumos- og FreeBSD-baserede systemer. Her tager vi os af ops\u00e6tningen lige fra modtagelse af hardware og til det f\u00e6rdige system er udtjent og skal udskiftes.<\/p>\n<\/div>\n\n\n\n<div class=\"wp-block-themeisle-blocks-advanced-column\" id=\"wp-block-themeisle-blocks-advanced-column-be60fbba\">\n<figure class=\"wp-block-image size-full\"><img loading=\"lazy\" decoding=\"async\" width=\"500\" height=\"333\" src=\"https:\/\/www.rougsoe.com\/wp-content\/uploads\/2021\/11\/forside2-1.webp\" alt=\"\" class=\"wp-image-907\" srcset=\"https:\/\/www.rougsoe.com\/wp-content\/uploads\/2021\/11\/forside2-1.webp 500w, https:\/\/www.rougsoe.com\/wp-content\/uploads\/2021\/11\/forside2-1-300x200.webp 300w\" sizes=\"auto, (max-width: 500px) 100vw, 500px\" \/><\/figure>\n\n\n\n<h3 class=\"has-text-align-left wp-block-heading\">Storage og backupl\u00f8sninger<\/h3>\n\n\n\n<p class=\"has-text-align-left\">Med fokus p\u00e5 modstandsdygtighed, driftstabilitet og datasikkerhed hj\u00e6lper vi virksomheder med at v\u00e6lge l\u00f8sninger til opbevaring og sikkerhedskopiering af data.<\/p>\n<\/div>\n<\/div><\/section>\n\n\n\n<section class=\"wp-block-themeisle-blocks-advanced-columns alignfull has-3-columns has-desktop-equal-layout has-tablet-equal-layout has-mobile-collapsedRows-layout has-nogap-gap has-vertical-flex-start\" id=\"wp-block-themeisle-blocks-advanced-columns-11111484\"><div class=\"wp-block-themeisle-blocks-advanced-columns-overlay\"><\/div><div class=\"innerblocks-wrap\">\n<div class=\"wp-block-themeisle-blocks-advanced-column\" id=\"wp-block-themeisle-blocks-advanced-column-ed72355d\">\n<figure class=\"wp-block-image size-large is-resized\"><img loading=\"lazy\" decoding=\"async\" src=\"https:\/\/www.rougsoe.com\/wp-content\/uploads\/2021\/11\/pexels-pixabay-207580-1024x768.jpg\" alt=\"\" class=\"wp-image-705\" width=\"347\" height=\"260\" srcset=\"https:\/\/www.rougsoe.com\/wp-content\/uploads\/2021\/11\/pexels-pixabay-207580-1024x768.jpg 1024w, https:\/\/www.rougsoe.com\/wp-content\/uploads\/2021\/11\/pexels-pixabay-207580-300x225.jpg 300w, https:\/\/www.rougsoe.com\/wp-content\/uploads\/2021\/11\/pexels-pixabay-207580-768x576.jpg 768w, https:\/\/www.rougsoe.com\/wp-content\/uploads\/2021\/11\/pexels-pixabay-207580-1536x1152.jpg 1536w, https:\/\/www.rougsoe.com\/wp-content\/uploads\/2021\/11\/pexels-pixabay-207580-2048x1536.jpg 2048w\" sizes=\"auto, (max-width: 347px) 100vw, 347px\" \/><\/figure>\n\n\n\n<h3 class=\"has-text-align-left wp-block-heading\">fjernoverv\u00e5gning af UNIX- og linuxsystemer<\/h3>\n\n\n\n<p class=\"has-text-align-left\">Vi kan fjernoverv\u00e5ge hele IT-installationer og reagere hurtigt ved driftsstop. Vi kan ogs\u00e5 advare i god tid hvis f.eks. et system er ved at l\u00f8be t\u00f8r for diskplads.<\/p>\n<\/div>\n\n\n\n<div class=\"wp-block-themeisle-blocks-advanced-column\" id=\"wp-block-themeisle-blocks-advanced-column-996ae299\">\n<figure class=\"wp-block-image size-large is-resized\"><img loading=\"lazy\" decoding=\"async\" src=\"https:\/\/www.rougsoe.com\/wp-content\/uploads\/2021\/11\/pexels-bich-tran-669996-1024x681.jpg\" alt=\"\" class=\"wp-image-930\" width=\"345\" height=\"229\" srcset=\"https:\/\/www.rougsoe.com\/wp-content\/uploads\/2021\/11\/pexels-bich-tran-669996-1024x681.jpg 1024w, https:\/\/www.rougsoe.com\/wp-content\/uploads\/2021\/11\/pexels-bich-tran-669996-300x199.jpg 300w, https:\/\/www.rougsoe.com\/wp-content\/uploads\/2021\/11\/pexels-bich-tran-669996-768x511.jpg 768w, https:\/\/www.rougsoe.com\/wp-content\/uploads\/2021\/11\/pexels-bich-tran-669996-930x620.jpg 930w, https:\/\/www.rougsoe.com\/wp-content\/uploads\/2021\/11\/pexels-bich-tran-669996.jpg 1280w\" sizes=\"auto, (max-width: 345px) 100vw, 345px\" \/><\/figure>\n\n\n\n<h3 class=\"has-text-align-left wp-block-heading\">Support p\u00e5 unix- og linuxsystemer<\/h3>\n\n\n\n<p class=\"has-text-align-left\">Vi yder tilkaldesupport og fjernsupport p\u00e5 systemerne, b\u00e5de p\u00e5 timebasis og pr. driftsaftale.<\/p>\n<\/div>\n\n\n\n<div class=\"wp-block-themeisle-blocks-advanced-column\" id=\"wp-block-themeisle-blocks-advanced-column-ae37446d\">\n<figure class=\"wp-block-image size-large is-resized\"><img loading=\"lazy\" decoding=\"async\" src=\"https:\/\/www.rougsoe.com\/wp-content\/uploads\/2021\/11\/pexels-sergei-starostin-6466141-1024x682.jpg\" alt=\"\" class=\"wp-image-931\" width=\"343\" height=\"228\" srcset=\"https:\/\/www.rougsoe.com\/wp-content\/uploads\/2021\/11\/pexels-sergei-starostin-6466141-1024x682.jpg 1024w, https:\/\/www.rougsoe.com\/wp-content\/uploads\/2021\/11\/pexels-sergei-starostin-6466141-300x200.jpg 300w, https:\/\/www.rougsoe.com\/wp-content\/uploads\/2021\/11\/pexels-sergei-starostin-6466141-768x512.jpg 768w, https:\/\/www.rougsoe.com\/wp-content\/uploads\/2021\/11\/pexels-sergei-starostin-6466141-930x620.jpg 930w, https:\/\/www.rougsoe.com\/wp-content\/uploads\/2021\/11\/pexels-sergei-starostin-6466141.jpg 1280w\" sizes=\"auto, (max-width: 343px) 100vw, 343px\" \/><\/figure>\n\n\n\n<h3 class=\"has-text-align-left wp-block-heading\">Design af backupl\u00f8sninger<\/h3>\n\n\n\n<p class=\"has-text-align-left\">Vi tager os ogs\u00e5 af dimensionering og planl\u00e6gning af backupsystemer. Vi planl\u00e6gger hvordan systemet skal fungere, og sammens\u00e6tter et system der passer til behovet.<\/p>\n<\/div>\n<\/div><\/section>\n\n\n\n<div class=\"wp-block-themeisle-blocks-advanced-columns has-2-columns has-desktop-equal-layout has-tablet-equal-layout has-mobile-collapsedRows-layout has-default-gap has-vertical-unset\" id=\"wp-block-themeisle-blocks-advanced-columns-e0a3714d\"><div class=\"wp-block-themeisle-blocks-advanced-columns-overlay\"><\/div><div class=\"innerblocks-wrap\">\n<div class=\"wp-block-themeisle-blocks-advanced-column\" id=\"wp-block-themeisle-blocks-advanced-column-10e9b73b\">\n<h2 id=\"wp-block-themeisle-blocks-advanced-heading-a33e449f\" class=\"wp-block-themeisle-blocks-advanced-heading wp-block-themeisle-blocks-advanced-heading-a33e449f\">Installation, konfiguration og drift af UNIX- og Linuxbaserede systemer<\/h2>\n\n\n\n<p><br>Vi er specielt fokuserede p\u00e5 Red Hat Enterprise Linux(samt afledte distributioner), Solaris, Illumos- og FreeBSD-baserede systemer. Her tager vi os af ops\u00e6tningen lige fra modtagelse af hardware og til det f\u00e6rdige system er udtjent og skal udskiftes.<\/p>\n<\/div>\n\n\n\n<div class=\"wp-block-themeisle-blocks-advanced-column\" id=\"wp-block-themeisle-blocks-advanced-column-5ad5d0ea\">\n<figure class=\"wp-block-image size-full\"><img loading=\"lazy\" decoding=\"async\" width=\"600\" height=\"479\" src=\"https:\/\/www.rougsoe.com\/wp-content\/uploads\/2021\/11\/d4100393-7deb-4b45-a969-ca9cbe33d883.jpg\" alt=\"\" class=\"wp-image-733\" srcset=\"https:\/\/www.rougsoe.com\/wp-content\/uploads\/2021\/11\/d4100393-7deb-4b45-a969-ca9cbe33d883.jpg 600w, https:\/\/www.rougsoe.com\/wp-content\/uploads\/2021\/11\/d4100393-7deb-4b45-a969-ca9cbe33d883-300x240.jpg 300w\" sizes=\"auto, (max-width: 600px) 100vw, 600px\" \/><\/figure>\n<\/div>\n<\/div><\/div>\n\n\n\n<div class=\"wp-block-columns is-layout-flex wp-container-core-columns-is-layout-9d6595d7 wp-block-columns-is-layout-flex\">\n<div class=\"wp-block-column is-layout-flow wp-block-column-is-layout-flow\">\n<h2 class=\"wp-block-heading\">Design af hjemmesider<\/h2>\n\n\n\n<p>Vi designer hjemmesider til enhver forretning, om det er en online butik, en campingplads med mulighed for booking, en blog, et diskussionsforum eller noget helt andet, s\u00e5 kan vi lave hjemmesiden.<\/p>\n<p>Ud fra kundens behov kan vi enten lave hjemmesiden, eller vi kan lave siden og derefter k\u00f8re driften p\u00e5 den. Hvor vi foretager opdateringer, tager backup og holder n\u00f8je \u00f8je med sikkerheden, vi kan s\u00f8rge for hostingen eller s\u00e6tte dig ind i hvordan du selv kan g\u00f8re det.<\/p>\n<p>Her tilbyder vi enten en f\u00e6rdig hjemmeside, eller en hjemmeside med en serviceaftale.<\/p>\n<p><\/p>\n<\/div>\n\n\n\n<div class=\"wp-block-column is-layout-flow wp-block-column-is-layout-flow\">\n<figure class=\"wp-block-image size-large\"><img loading=\"lazy\" decoding=\"async\" width=\"683\" height=\"1024\" src=\"https:\/\/www.rougsoe.com\/wp-content\/uploads\/2021\/11\/pexels-mikael-blomkvist-6476591-683x1024.jpg\" alt=\"\" class=\"wp-image-1093\" srcset=\"https:\/\/www.rougsoe.com\/wp-content\/uploads\/2021\/11\/pexels-mikael-blomkvist-6476591-683x1024.jpg 683w, https:\/\/www.rougsoe.com\/wp-content\/uploads\/2021\/11\/pexels-mikael-blomkvist-6476591-200x300.jpg 200w, https:\/\/www.rougsoe.com\/wp-content\/uploads\/2021\/11\/pexels-mikael-blomkvist-6476591-768x1151.jpg 768w, https:\/\/www.rougsoe.com\/wp-content\/uploads\/2021\/11\/pexels-mikael-blomkvist-6476591-1025x1536.jpg 1025w, https:\/\/www.rougsoe.com\/wp-content\/uploads\/2021\/11\/pexels-mikael-blomkvist-6476591-1367x2048.jpg 1367w, https:\/\/www.rougsoe.com\/wp-content\/uploads\/2021\/11\/pexels-mikael-blomkvist-6476591-scaled.jpg 1708w\" sizes=\"auto, (max-width: 683px) 100vw, 683px\" \/><\/figure>\n<\/div>\n<\/div>\n","protected":false},"excerpt":{"rendered":"<p>Design af hjemmesider Vi designer hjemmesider til enhver forretning, om det er en online butik, en campingplads med mulighed for booking, en blog, et diskussionsforum eller noget helt andet, s\u00e5 kan vi lave hjemmesiden. Ud fra kundens behov kan vi enten lave hjemmesiden, eller vi kan lave siden og derefter k\u00f8re driften p\u00e5 den. Hvor&hellip;&nbsp;<a href=\"https:\/\/www.rougsoe.com\/index.php\/vi-tilbyder\/\" class=\"\" rel=\"bookmark\">Read More &raquo;<span class=\"screen-reader-text\">Vi tilbyder<\/span><\/a><\/p>\n","protected":false},"author":2,"featured_media":0,"parent":0,"menu_order":0,"comment_status":"closed","ping_status":"closed","template":"","meta":{"neve_meta_sidebar":"","neve_meta_container":"","neve_meta_enable_content_width":"","neve_meta_content_width":0,"neve_meta_title_alignment":"","neve_meta_author_avatar":"","neve_post_elements_order":"","neve_meta_disable_header":"","neve_meta_disable_footer":"","neve_meta_disable_title":"","_themeisle_gutenberg_block_has_review":false,"_ti_tpc_template_sync":false,"_ti_tpc_template_id":"","footnotes":""},"class_list":["post-893","page","type-page","status-publish","hentry"],"_links":{"self":[{"href":"https:\/\/www.rougsoe.com\/index.php\/wp-json\/wp\/v2\/pages\/893","targetHints":{"allow":["GET"]}}],"collection":[{"href":"https:\/\/www.rougsoe.com\/index.php\/wp-json\/wp\/v2\/pages"}],"about":[{"href":"https:\/\/www.rougsoe.com\/index.php\/wp-json\/wp\/v2\/types\/page"}],"author":[{"embeddable":true,"href":"https:\/\/www.rougsoe.com\/index.php\/wp-json\/wp\/v2\/users\/2"}],"replies":[{"embeddable":true,"href":"https:\/\/www.rougsoe.com\/index.php\/wp-json\/wp\/v2\/comments?post=893"}],"version-history":[{"count":12,"href":"https:\/\/www.rougsoe.com\/index.php\/wp-json\/wp\/v2\/pages\/893\/revisions"}],"predecessor-version":[{"id":1111,"href":"https:\/\/www.rougsoe.com\/index.php\/wp-json\/wp\/v2\/pages\/893\/revisions\/1111"}],"wp:attachment":[{"href":"https:\/\/www.rougsoe.com\/index.php\/wp-json\/wp\/v2\/media?parent=893"}],"curies":[{"name":"wp","href":"https:\/\/api.w.org\/{rel}","templated":true}]}}